{"id":20,"date":"2020-03-28T19:55:14","date_gmt":"2020-03-28T18:55:14","guid":{"rendered":"http:\/\/jamaissansmesbottes.fr\/?page_id=20"},"modified":"2024-04-09T17:45:13","modified_gmt":"2024-04-09T15:45:13","slug":"presentation","status":"publish","type":"page","link":"https:\/\/jamaissansmesbottes.fr\/","title":{"rendered":"Pr\u00e9sentation"},"content":{"rendered":"\n<p class=\"has-text-align-center\"> <\/p>\n\n\n\n<p> Le G.A.E.C <strong>Jamais Sans Mes Bottes<\/strong>, cr\u00e9\u00e9 en 2020, se situe \u00e0 la ferme communale de Montbonnot-Saint-Martin.<\/p>\n\n\n<div class=\"wp-block-image\">\n<figure class=\"alignright size-full is-resized\"><img decoding=\"async\" loading=\"lazy\" src=\"http:\/\/jamaissansmesbottes.fr\/wp-content\/uploads\/2024\/04\/Capture-decran-2024-04-09-173944.jpg\" alt=\"\" class=\"wp-image-152\" width=\"140\" height=\"171\" srcset=\"https:\/\/jamaissansmesbottes.fr\/wp-content\/uploads\/2024\/04\/Capture-decran-2024-04-09-173944.jpg 561w, https:\/\/jamaissansmesbottes.fr\/wp-content\/uploads\/2024\/04\/Capture-decran-2024-04-09-173944-246x300.jpg 246w\" sizes=\"(max-width: 140px) 100vw, 140px\" \/><\/figure><\/div>\n\n\n<p> Nous produisons des l\u00e9gumes de saison, environ une quarantaine de vari\u00e9t\u00e9s sur l&rsquo;ann\u00e9e, enti\u00e8rement labellis\u00e9s \u00ab\u00a0Agriculture Biologique\u00a0\u00bb. <\/p>\n\n\n\n<p> Nous vendons l&rsquo;int\u00e9gralit\u00e9 de notre production en circuit court : AMAP, \u00e9piceries, magasins bio, &#8230;<\/p>\n\n\n\n<p>   <\/p>\n","protected":false},"excerpt":{"rendered":"<div class=\"entry-summary\">\nLe G.A.E.C Jamais Sans Mes Bottes, cr\u00e9\u00e9 en 2020, se situe \u00e0&hellip;\n<\/div>\n<div class=\"link-more\"><a href=\"https:\/\/jamaissansmesbottes.fr\/\" class=\"more-link\">Continue reading<span class=\"screen-reader-text\"> &ldquo;Pr\u00e9sentation&rdquo;<\/span>&hellip;<\/a><\/div>\n","protected":false},"author":1,"featured_media":0,"parent":0,"menu_order":0,"comment_status":"closed","ping_status":"closed","template":"page-template\/_fullwidth.php","meta":[],"yoast_head":"<!-- This site is optimized with the Yoast SEO plugin v20.4 - https:\/\/yoast.com\/wordpress\/plugins\/seo\/ -->\n<title>Pr\u00e9sentation - Jamais sans mes bottes<\/title>\n<meta name=\"robots\" content=\"index, follow, max-snippet:-1, max-image-preview:large, max-video-preview:-1\" \/>\n<link rel=\"canonical\" href=\"https:\/\/jamaissansmesbottes.fr\/\" \/>\n<meta property=\"og:locale\" content=\"fr_FR\" \/>\n<meta property=\"og:type\" content=\"article\" \/>\n<meta property=\"og:title\" content=\"Pr\u00e9sentation - Jamais sans mes bottes\" \/>\n<meta property=\"og:description\" content=\"Le G.A.E.C Jamais Sans Mes Bottes, cr\u00e9\u00e9 en 2020, se situe \u00e0&hellip; Continue reading &ldquo;Pr\u00e9sentation&rdquo;&hellip;\" \/>\n<meta property=\"og:url\" content=\"https:\/\/jamaissansmesbottes.fr\/\" \/>\n<meta property=\"og:site_name\" content=\"Jamais sans mes bottes\" \/>\n<meta property=\"article:modified_time\" content=\"2024-04-09T15:45:13+00:00\" \/>\n<meta property=\"og:image\" content=\"http:\/\/jamaissansmesbottes.fr\/wp-content\/uploads\/2024\/04\/Capture-decran-2024-04-09-173944.jpg\" \/>\n<meta name=\"twitter:card\" content=\"summary_large_image\" \/>\n<meta name=\"twitter:label1\" content=\"Dur\u00e9e de lecture estim\u00e9e\" \/>\n\t<meta name=\"twitter:data1\" content=\"1 minute\" \/>\n<script type=\"application\/ld+json\" class=\"yoast-schema-graph\">{\"@context\":\"https:\/\/schema.org\",\"@graph\":[{\"@type\":\"WebPage\",\"@id\":\"https:\/\/jamaissansmesbottes.fr\/\",\"url\":\"https:\/\/jamaissansmesbottes.fr\/\",\"name\":\"Pr\u00e9sentation - Jamais sans mes bottes\",\"isPartOf\":{\"@id\":\"http:\/\/jamaissansmesbottes.fr\/#website\"},\"datePublished\":\"2020-03-28T18:55:14+00:00\",\"dateModified\":\"2024-04-09T15:45:13+00:00\",\"breadcrumb\":{\"@id\":\"https:\/\/jamaissansmesbottes.fr\/#breadcrumb\"},\"inLanguage\":\"fr-FR\",\"potentialAction\":[{\"@type\":\"ReadAction\",\"target\":[\"https:\/\/jamaissansmesbottes.fr\/\"]}]},{\"@type\":\"BreadcrumbList\",\"@id\":\"https:\/\/jamaissansmesbottes.fr\/#breadcrumb\",\"itemListElement\":[{\"@type\":\"ListItem\",\"position\":1,\"name\":\"Accueil\",\"item\":\"https:\/\/jamaissansmesbottes.fr\/\"},{\"@type\":\"ListItem\",\"position\":2,\"name\":\"Pr\u00e9sentation\"}]},{\"@type\":\"WebSite\",\"@id\":\"http:\/\/jamaissansmesbottes.fr\/#website\",\"url\":\"http:\/\/jamaissansmesbottes.fr\/\",\"name\":\"Jamais sans mes bottes\",\"description\":\"\",\"publisher\":{\"@id\":\"http:\/\/jamaissansmesbottes.fr\/#organization\"},\"potentialAction\":[{\"@type\":\"SearchAction\",\"target\":{\"@type\":\"EntryPoint\",\"urlTemplate\":\"http:\/\/jamaissansmesbottes.fr\/?s={search_term_string}\"},\"query-input\":\"required name=search_term_string\"}],\"inLanguage\":\"fr-FR\"},{\"@type\":\"Organization\",\"@id\":\"http:\/\/jamaissansmesbottes.fr\/#organization\",\"name\":\"jamais sans mes bottes\",\"url\":\"http:\/\/jamaissansmesbottes.fr\/\",\"logo\":{\"@type\":\"ImageObject\",\"inLanguage\":\"fr-FR\",\"@id\":\"http:\/\/jamaissansmesbottes.fr\/#\/schema\/logo\/image\/\",\"url\":\"http:\/\/jamaissansmesbottes.fr\/wp-content\/uploads\/2020\/03\/JSMB.jpg\",\"contentUrl\":\"http:\/\/jamaissansmesbottes.fr\/wp-content\/uploads\/2020\/03\/JSMB.jpg\",\"width\":2538,\"height\":1863,\"caption\":\"jamais sans mes bottes\"},\"image\":{\"@id\":\"http:\/\/jamaissansmesbottes.fr\/#\/schema\/logo\/image\/\"}}]}<\/script>\n<!-- \/ Yoast SEO plugin. -->","yoast_head_json":{"title":"Pr\u00e9sentation - Jamais sans mes bottes","robots":{"index":"index","follow":"follow","max-snippet":"max-snippet:-1","max-image-preview":"max-image-preview:large","max-video-preview":"max-video-preview:-1"},"canonical":"https:\/\/jamaissansmesbottes.fr\/","og_locale":"fr_FR","og_type":"article","og_title":"Pr\u00e9sentation - Jamais sans mes bottes","og_description":"Le G.A.E.C Jamais Sans Mes Bottes, cr\u00e9\u00e9 en 2020, se situe \u00e0&hellip; Continue reading &ldquo;Pr\u00e9sentation&rdquo;&hellip;","og_url":"https:\/\/jamaissansmesbottes.fr\/","og_site_name":"Jamais sans mes bottes","article_modified_time":"2024-04-09T15:45:13+00:00","og_image":[{"url":"http:\/\/jamaissansmesbottes.fr\/wp-content\/uploads\/2024\/04\/Capture-decran-2024-04-09-173944.jpg"}],"twitter_card":"summary_large_image","twitter_misc":{"Dur\u00e9e de lecture estim\u00e9e":"1 minute"},"schema":{"@context":"https:\/\/schema.org","@graph":[{"@type":"WebPage","@id":"https:\/\/jamaissansmesbottes.fr\/","url":"https:\/\/jamaissansmesbottes.fr\/","name":"Pr\u00e9sentation - Jamais sans mes bottes","isPartOf":{"@id":"http:\/\/jamaissansmesbottes.fr\/#website"},"datePublished":"2020-03-28T18:55:14+00:00","dateModified":"2024-04-09T15:45:13+00:00","breadcrumb":{"@id":"https:\/\/jamaissansmesbottes.fr\/#breadcrumb"},"inLanguage":"fr-FR","potentialAction":[{"@type":"ReadAction","target":["https:\/\/jamaissansmesbottes.fr\/"]}]},{"@type":"BreadcrumbList","@id":"https:\/\/jamaissansmesbottes.fr\/#breadcrumb","itemListElement":[{"@type":"ListItem","position":1,"name":"Accueil","item":"https:\/\/jamaissansmesbottes.fr\/"},{"@type":"ListItem","position":2,"name":"Pr\u00e9sentation"}]},{"@type":"WebSite","@id":"http:\/\/jamaissansmesbottes.fr\/#website","url":"http:\/\/jamaissansmesbottes.fr\/","name":"Jamais sans mes bottes","description":"","publisher":{"@id":"http:\/\/jamaissansmesbottes.fr\/#organization"},"potentialAction":[{"@type":"SearchAction","target":{"@type":"EntryPoint","urlTemplate":"http:\/\/jamaissansmesbottes.fr\/?s={search_term_string}"},"query-input":"required name=search_term_string"}],"inLanguage":"fr-FR"},{"@type":"Organization","@id":"http:\/\/jamaissansmesbottes.fr\/#organization","name":"jamais sans mes bottes","url":"http:\/\/jamaissansmesbottes.fr\/","logo":{"@type":"ImageObject","inLanguage":"fr-FR","@id":"http:\/\/jamaissansmesbottes.fr\/#\/schema\/logo\/image\/","url":"http:\/\/jamaissansmesbottes.fr\/wp-content\/uploads\/2020\/03\/JSMB.jpg","contentUrl":"http:\/\/jamaissansmesbottes.fr\/wp-content\/uploads\/2020\/03\/JSMB.jpg","width":2538,"height":1863,"caption":"jamais sans mes bottes"},"image":{"@id":"http:\/\/jamaissansmesbottes.fr\/#\/schema\/logo\/image\/"}}]}},"_links":{"self":[{"href":"https:\/\/jamaissansmesbottes.fr\/index.php\/wp-json\/wp\/v2\/pages\/20"}],"collection":[{"href":"https:\/\/jamaissansmesbottes.fr\/index.php\/wp-json\/wp\/v2\/pages"}],"about":[{"href":"https:\/\/jamaissansmesbottes.fr\/index.php\/wp-json\/wp\/v2\/types\/page"}],"author":[{"embeddable":true,"href":"https:\/\/jamaissansmesbottes.fr\/index.php\/wp-json\/wp\/v2\/users\/1"}],"replies":[{"embeddable":true,"href":"https:\/\/jamaissansmesbottes.fr\/index.php\/wp-json\/wp\/v2\/comments?post=20"}],"version-history":[{"count":6,"href":"https:\/\/jamaissansmesbottes.fr\/index.php\/wp-json\/wp\/v2\/pages\/20\/revisions"}],"predecessor-version":[{"id":153,"href":"https:\/\/jamaissansmesbottes.fr\/index.php\/wp-json\/wp\/v2\/pages\/20\/revisions\/153"}],"wp:attachment":[{"href":"https:\/\/jamaissansmesbottes.fr\/index.php\/wp-json\/wp\/v2\/media?parent=20"}],"curies":[{"name":"wp","href":"https:\/\/api.w.org\/{rel}","templated":true}]}}