{"id":42,"date":"2020-03-29T19:53:51","date_gmt":"2020-03-29T17:53:51","guid":{"rendered":"http:\/\/jamaissansmesbottes.fr\/?page_id=42"},"modified":"2020-06-21T17:05:45","modified_gmt":"2020-06-21T15:05:45","slug":"contactez-nous","status":"publish","type":"page","link":"https:\/\/jamaissansmesbottes.fr\/index.php\/contactez-nous\/","title":{"rendered":"Contactez nous !"},"content":{"rendered":"\n<div class=\"wp-block-image\"><figure class=\"alignleft size-medium is-resized\"><img decoding=\"async\" loading=\"lazy\" src=\"http:\/\/jamaissansmesbottes.fr\/wp-content\/uploads\/2020\/03\/JSMB-300x220.jpg\" alt=\"\" class=\"wp-image-7\" width=\"271\" height=\"199\" srcset=\"https:\/\/jamaissansmesbottes.fr\/wp-content\/uploads\/2020\/03\/JSMB-300x220.jpg 300w, https:\/\/jamaissansmesbottes.fr\/wp-content\/uploads\/2020\/03\/JSMB-1024x752.jpg 1024w, https:\/\/jamaissansmesbottes.fr\/wp-content\/uploads\/2020\/03\/JSMB-768x564.jpg 768w, https:\/\/jamaissansmesbottes.fr\/wp-content\/uploads\/2020\/03\/JSMB-1536x1127.jpg 1536w, https:\/\/jamaissansmesbottes.fr\/wp-content\/uploads\/2020\/03\/JSMB-2048x1503.jpg 2048w\" sizes=\"(max-width: 271px) 100vw, 271px\" \/><\/figure><\/div>\n\n\n\n<p><strong>GAEC Jamais Sans Mes Bottes <\/strong><br>Ferme communale<br>561 chemin des communaux<br>38330 Montbonnot-Saint-Martin<br><br>Mail : producteur@jamaissansmesbottes.fr<br><br><\/p>\n\n\n\n<p><br><\/p>\n\n\n\n<p><\/p>\n\n\n\n<p><\/p>\n\n\n\n<p>Pour nous envoyer un mail, vous inscrire \u00e0 notre newsletter :<\/p>\n\n\n\n<div class=\"wpforms-container wpforms-container-full\" id=\"wpforms-41\"><form id=\"wpforms-form-41\" class=\"wpforms-validate wpforms-form\" data-formid=\"41\" method=\"post\" enctype=\"multipart\/form-data\" action=\"\/index.php\/wp-json\/wp\/v2\/pages\/42\" data-token=\"278cccffbf89999b3812b0848a787039\"><noscript class=\"wpforms-error-noscript\">Veuillez activer JavaScript dans votre navigateur pour remplir ce formulaire.<\/noscript><div class=\"wpforms-field-container\"><div id=\"wpforms-41-field_0-container\" class=\"wpforms-field wpforms-field-name\" data-field-id=\"0\"><label class=\"wpforms-field-label\" for=\"wpforms-41-field_0\">Vos coordonn\u00e9es <span class=\"wpforms-required-label\">*<\/span><\/label><div class=\"wpforms-field-row wpforms-field-medium\"><div class=\"wpforms-field-row-block wpforms-first wpforms-one-half\"><input type=\"text\" id=\"wpforms-41-field_0\" class=\"wpforms-field-name-first wpforms-field-required\" name=\"wpforms[fields][0][first]\" required><label for=\"wpforms-41-field_0\" class=\"wpforms-field-sublabel after \">Pr\u00e9nom<\/label><\/div><div class=\"wpforms-field-row-block wpforms-one-half\"><input type=\"text\" id=\"wpforms-41-field_0-last\" class=\"wpforms-field-name-last wpforms-field-required\" name=\"wpforms[fields][0][last]\" required><label for=\"wpforms-41-field_0-last\" class=\"wpforms-field-sublabel after \">Nom<\/label><\/div><\/div><\/div><div id=\"wpforms-41-field_1-container\" class=\"wpforms-field wpforms-field-email\" data-field-id=\"1\"><label class=\"wpforms-field-label\" for=\"wpforms-41-field_1\">E-mail <span class=\"wpforms-required-label\">*<\/span><\/label><input type=\"email\" id=\"wpforms-41-field_1\" class=\"wpforms-field-medium wpforms-field-required\" name=\"wpforms[fields][1]\" spellcheck=\"false\" required><\/div><div id=\"wpforms-41-field_2-container\" class=\"wpforms-field wpforms-field-textarea\" data-field-id=\"2\"><label class=\"wpforms-field-label\" for=\"wpforms-41-field_2\">Commentaire ou message<\/label><textarea id=\"wpforms-41-field_2\" class=\"wpforms-field-medium\" name=\"wpforms[fields][2]\" ><\/textarea><\/div><div id=\"wpforms-41-field_4-container\" class=\"wpforms-field wpforms-field-checkbox\" data-field-id=\"4\"><label class=\"wpforms-field-label\" for=\"wpforms-41-field_4\">Si vous souhaitez vous inscrire \u00e0 notre newsletter, envoy\u00e9e chaque d\u00e9but de semaine afin de vous informer des produits disponibles \u00e0 la vente, cochez la case ci-dessous.<\/label><ul id=\"wpforms-41-field_4\"><li class=\"choice-1 depth-1\"><input type=\"checkbox\" id=\"wpforms-41-field_4_1\" name=\"wpforms[fields][4][]\" value=\"Inscription \u00e0 la newletter\"  ><label class=\"wpforms-field-label-inline\" for=\"wpforms-41-field_4_1\">Inscription \u00e0 la newletter<\/label><\/li><\/ul><\/div><\/div><!-- .wpforms-field-container --><div class=\"wpforms-field wpforms-field-hp\"><label for=\"wpforms-41-field-hp\" class=\"wpforms-field-label\">Website<\/label><input type=\"text\" name=\"wpforms[hp]\" id=\"wpforms-41-field-hp\" class=\"wpforms-field-medium\"><\/div><div class=\"wpforms-recaptcha-container wpforms-is-recaptcha\" ><div class=\"g-recaptcha\" data-sitekey=\"6LcvLsIaAAAAAFeDLeDf9qmc0lvA5T51D86cT-Sx\"><\/div><input type=\"text\" name=\"g-recaptcha-hidden\" class=\"wpforms-recaptcha-hidden\" style=\"position:absolute!important;clip:rect(0,0,0,0)!important;height:1px!important;width:1px!important;border:0!important;overflow:hidden!important;padding:0!important;margin:0!important;\" data-rule-recaptcha=\"1\"><\/div><div class=\"wpforms-submit-container\" ><input type=\"hidden\" name=\"wpforms[id]\" value=\"41\"><input type=\"hidden\" name=\"wpforms[author]\" value=\"1\"><button type=\"submit\" name=\"wpforms[submit]\" id=\"wpforms-submit-41\" class=\"wpforms-submit\" data-alt-text=\"Envoi...\" data-submit-text=\"Envoyer\" aria-live=\"assertive\" value=\"wpforms-submit\">Envoyer<\/button><\/div><\/form><\/div>  <!-- .wpforms-container -->\n","protected":false},"excerpt":{"rendered":"<div class=\"entry-summary\">\nGAEC Jamais Sans Mes Bottes Ferme communale561 chemin des communaux38330 Montbonnot-Saint-Martin Mail&hellip;\n<\/div>\n<div class=\"link-more\"><a href=\"https:\/\/jamaissansmesbottes.fr\/index.php\/contactez-nous\/\" class=\"more-link\">Continue reading<span class=\"screen-reader-text\"> &ldquo;Contactez nous !&rdquo;<\/span>&hellip;<\/a><\/div>\n","protected":false},"author":1,"featured_media":0,"parent":0,"menu_order":0,"comment_status":"closed","ping_status":"closed","template":"page-template\/_fullwidth.php","meta":[],"yoast_head":"<!-- This site is optimized with the Yoast SEO plugin v20.4 - https:\/\/yoast.com\/wordpress\/plugins\/seo\/ -->\n<title>Contactez nous ! - Jamais sans mes bottes<\/title>\n<meta name=\"robots\" content=\"index, follow, max-snippet:-1, max-image-preview:large, max-video-preview:-1\" \/>\n<link rel=\"canonical\" href=\"http:\/\/jamaissansmesbottes.fr\/index.php\/contactez-nous\/\" \/>\n<meta property=\"og:locale\" content=\"fr_FR\" \/>\n<meta property=\"og:type\" content=\"article\" \/>\n<meta property=\"og:title\" content=\"Contactez nous ! - Jamais sans mes bottes\" \/>\n<meta property=\"og:description\" content=\"GAEC Jamais Sans Mes Bottes Ferme communale561 chemin des communaux38330 Montbonnot-Saint-Martin Mail&hellip; Continue reading &ldquo;Contactez nous !&rdquo;&hellip;\" \/>\n<meta property=\"og:url\" content=\"http:\/\/jamaissansmesbottes.fr\/index.php\/contactez-nous\/\" \/>\n<meta property=\"og:site_name\" content=\"Jamais sans mes bottes\" \/>\n<meta property=\"article:modified_time\" content=\"2020-06-21T15:05:45+00:00\" \/>\n<meta property=\"og:image\" content=\"http:\/\/jamaissansmesbottes.fr\/wp-content\/uploads\/2020\/03\/JSMB-300x220.jpg\" \/>\n<meta name=\"twitter:card\" content=\"summary_large_image\" \/>\n<script type=\"application\/ld+json\" class=\"yoast-schema-graph\">{\"@context\":\"https:\/\/schema.org\",\"@graph\":[{\"@type\":\"WebPage\",\"@id\":\"http:\/\/jamaissansmesbottes.fr\/index.php\/contactez-nous\/\",\"url\":\"http:\/\/jamaissansmesbottes.fr\/index.php\/contactez-nous\/\",\"name\":\"Contactez nous ! - Jamais sans mes bottes\",\"isPartOf\":{\"@id\":\"http:\/\/jamaissansmesbottes.fr\/#website\"},\"datePublished\":\"2020-03-29T17:53:51+00:00\",\"dateModified\":\"2020-06-21T15:05:45+00:00\",\"breadcrumb\":{\"@id\":\"http:\/\/jamaissansmesbottes.fr\/index.php\/contactez-nous\/#breadcrumb\"},\"inLanguage\":\"fr-FR\",\"potentialAction\":[{\"@type\":\"ReadAction\",\"target\":[\"http:\/\/jamaissansmesbottes.fr\/index.php\/contactez-nous\/\"]}]},{\"@type\":\"BreadcrumbList\",\"@id\":\"http:\/\/jamaissansmesbottes.fr\/index.php\/contactez-nous\/#breadcrumb\",\"itemListElement\":[{\"@type\":\"ListItem\",\"position\":1,\"name\":\"Accueil\",\"item\":\"https:\/\/jamaissansmesbottes.fr\/\"},{\"@type\":\"ListItem\",\"position\":2,\"name\":\"Contactez nous !\"}]},{\"@type\":\"WebSite\",\"@id\":\"http:\/\/jamaissansmesbottes.fr\/#website\",\"url\":\"http:\/\/jamaissansmesbottes.fr\/\",\"name\":\"Jamais sans mes bottes\",\"description\":\"\",\"publisher\":{\"@id\":\"http:\/\/jamaissansmesbottes.fr\/#organization\"},\"potentialAction\":[{\"@type\":\"SearchAction\",\"target\":{\"@type\":\"EntryPoint\",\"urlTemplate\":\"http:\/\/jamaissansmesbottes.fr\/?s={search_term_string}\"},\"query-input\":\"required name=search_term_string\"}],\"inLanguage\":\"fr-FR\"},{\"@type\":\"Organization\",\"@id\":\"http:\/\/jamaissansmesbottes.fr\/#organization\",\"name\":\"jamais sans mes bottes\",\"url\":\"http:\/\/jamaissansmesbottes.fr\/\",\"logo\":{\"@type\":\"ImageObject\",\"inLanguage\":\"fr-FR\",\"@id\":\"http:\/\/jamaissansmesbottes.fr\/#\/schema\/logo\/image\/\",\"url\":\"http:\/\/jamaissansmesbottes.fr\/wp-content\/uploads\/2020\/03\/JSMB.jpg\",\"contentUrl\":\"http:\/\/jamaissansmesbottes.fr\/wp-content\/uploads\/2020\/03\/JSMB.jpg\",\"width\":2538,\"height\":1863,\"caption\":\"jamais sans mes bottes\"},\"image\":{\"@id\":\"http:\/\/jamaissansmesbottes.fr\/#\/schema\/logo\/image\/\"}}]}<\/script>\n<!-- \/ Yoast SEO plugin. -->","yoast_head_json":{"title":"Contactez nous ! - Jamais sans mes bottes","robots":{"index":"index","follow":"follow","max-snippet":"max-snippet:-1","max-image-preview":"max-image-preview:large","max-video-preview":"max-video-preview:-1"},"canonical":"http:\/\/jamaissansmesbottes.fr\/index.php\/contactez-nous\/","og_locale":"fr_FR","og_type":"article","og_title":"Contactez nous ! - Jamais sans mes bottes","og_description":"GAEC Jamais Sans Mes Bottes Ferme communale561 chemin des communaux38330 Montbonnot-Saint-Martin Mail&hellip; Continue reading &ldquo;Contactez nous !&rdquo;&hellip;","og_url":"http:\/\/jamaissansmesbottes.fr\/index.php\/contactez-nous\/","og_site_name":"Jamais sans mes bottes","article_modified_time":"2020-06-21T15:05:45+00:00","og_image":[{"url":"http:\/\/jamaissansmesbottes.fr\/wp-content\/uploads\/2020\/03\/JSMB-300x220.jpg"}],"twitter_card":"summary_large_image","schema":{"@context":"https:\/\/schema.org","@graph":[{"@type":"WebPage","@id":"http:\/\/jamaissansmesbottes.fr\/index.php\/contactez-nous\/","url":"http:\/\/jamaissansmesbottes.fr\/index.php\/contactez-nous\/","name":"Contactez nous ! - Jamais sans mes bottes","isPartOf":{"@id":"http:\/\/jamaissansmesbottes.fr\/#website"},"datePublished":"2020-03-29T17:53:51+00:00","dateModified":"2020-06-21T15:05:45+00:00","breadcrumb":{"@id":"http:\/\/jamaissansmesbottes.fr\/index.php\/contactez-nous\/#breadcrumb"},"inLanguage":"fr-FR","potentialAction":[{"@type":"ReadAction","target":["http:\/\/jamaissansmesbottes.fr\/index.php\/contactez-nous\/"]}]},{"@type":"BreadcrumbList","@id":"http:\/\/jamaissansmesbottes.fr\/index.php\/contactez-nous\/#breadcrumb","itemListElement":[{"@type":"ListItem","position":1,"name":"Accueil","item":"https:\/\/jamaissansmesbottes.fr\/"},{"@type":"ListItem","position":2,"name":"Contactez nous !"}]},{"@type":"WebSite","@id":"http:\/\/jamaissansmesbottes.fr\/#website","url":"http:\/\/jamaissansmesbottes.fr\/","name":"Jamais sans mes bottes","description":"","publisher":{"@id":"http:\/\/jamaissansmesbottes.fr\/#organization"},"potentialAction":[{"@type":"SearchAction","target":{"@type":"EntryPoint","urlTemplate":"http:\/\/jamaissansmesbottes.fr\/?s={search_term_string}"},"query-input":"required name=search_term_string"}],"inLanguage":"fr-FR"},{"@type":"Organization","@id":"http:\/\/jamaissansmesbottes.fr\/#organization","name":"jamais sans mes bottes","url":"http:\/\/jamaissansmesbottes.fr\/","logo":{"@type":"ImageObject","inLanguage":"fr-FR","@id":"http:\/\/jamaissansmesbottes.fr\/#\/schema\/logo\/image\/","url":"http:\/\/jamaissansmesbottes.fr\/wp-content\/uploads\/2020\/03\/JSMB.jpg","contentUrl":"http:\/\/jamaissansmesbottes.fr\/wp-content\/uploads\/2020\/03\/JSMB.jpg","width":2538,"height":1863,"caption":"jamais sans mes bottes"},"image":{"@id":"http:\/\/jamaissansmesbottes.fr\/#\/schema\/logo\/image\/"}}]}},"_links":{"self":[{"href":"https:\/\/jamaissansmesbottes.fr\/index.php\/wp-json\/wp\/v2\/pages\/42"}],"collection":[{"href":"https:\/\/jamaissansmesbottes.fr\/index.php\/wp-json\/wp\/v2\/pages"}],"about":[{"href":"https:\/\/jamaissansmesbottes.fr\/index.php\/wp-json\/wp\/v2\/types\/page"}],"author":[{"embeddable":true,"href":"https:\/\/jamaissansmesbottes.fr\/index.php\/wp-json\/wp\/v2\/users\/1"}],"replies":[{"embeddable":true,"href":"https:\/\/jamaissansmesbottes.fr\/index.php\/wp-json\/wp\/v2\/comments?post=42"}],"version-history":[{"count":21,"href":"https:\/\/jamaissansmesbottes.fr\/index.php\/wp-json\/wp\/v2\/pages\/42\/revisions"}],"predecessor-version":[{"id":125,"href":"https:\/\/jamaissansmesbottes.fr\/index.php\/wp-json\/wp\/v2\/pages\/42\/revisions\/125"}],"wp:attachment":[{"href":"https:\/\/jamaissansmesbottes.fr\/index.php\/wp-json\/wp\/v2\/media?parent=42"}],"curies":[{"name":"wp","href":"https:\/\/api.w.org\/{rel}","templated":true}]}}